{"id":1731,"date":"2023-07-28T10:12:09","date_gmt":"2023-07-28T13:12:09","guid":{"rendered":"https:\/\/induscon.org\/2023\/2023\/?page_id=1731"},"modified":"2023-07-28T10:19:18","modified_gmt":"2023-07-28T13:19:18","slug":"payment-information","status":"publish","type":"page","link":"https:\/\/induscon.org\/2023\/conference\/registration\/payment-information\/","title":{"rendered":"Payment Information"},"content":{"rendered":"<p>[vc_row][vc_column][vc_row_inner][vc_column_inner width=&#8221;3\/4&#8243;][vc_column_text]<span style=\"color: #ff0000;\"><b>Attention:<\/b><\/span> Additional Payment Information (Only for brazilian \u201cNotas de Empenho\u201d and for direct payment options).<\/p>\n<p><span style=\"color: #ff0000;\"><b>Aten\u00e7\u00e3o:<\/b> <\/span>As informa\u00e7\u00f5es apresentadas aqui s\u00e3o para o cadastro, necess\u00e1rio para as \u201cNotas de Empenho\u201d e pagamento direto por PIX e dep\u00f3sito banc\u00e1rio.[\/vc_column_text][vc_column_text css=&#8221;.vc_custom_1690550306812{padding-top: 30px !important;padding-right: 30px !important;padding-bottom: 30px !important;padding-left: 30px !important;background-color: #eded93 !important;border-radius: 15px !important;}&#8221;]<strong>Dados da conta para transfer\u00eancia atrav\u00e9s do PIX:<\/strong><\/p>\n<p>Chave do PIX: N\u00famero do CNPJ: 50.259.779\/0001-32<br \/>\nCampo Informa\u00e7\u00f5es do PIX: INDUSCON2023 e o(s) n\u00famero(s) ID de Submiss\u00e3o do(s) Artigo(s).<br \/>\nIMPORTANTE: ap\u00f3s o dep\u00f3sito, tirar uma impress\u00e3o do comprovante em PDF e encaminhar em anexo para o e-mail: <a href=\"mailto:treasurer@induscon.org\/2023\" target=\"_blank\" rel=\"noopener\">treasurer@induscon.org\/2023<\/a>\u00a0informando no corpo da mensagem o nome completo do autor e o(s) n\u00famero(s) ID de Submiss\u00e3o do(s) Artigo(s).[\/vc_column_text][vc_column_text css=&#8221;.vc_custom_1690550323728{padding-top: 30px !important;padding-right: 30px !important;padding-bottom: 30px !important;padding-left: 30px !important;background-color: #eded93 !important;border-radius: 15px !important;}&#8221;]<strong>Dados Para Emiss\u00e3o da NOTA DE EMPENHO:<\/strong><\/p>\n<p>Empenho \u2013 INDUSCON2023<br \/>\nRaz\u00e3o Social: IEEE \u2013 INSTITUTO DOS ENGENHEIROS ELETRICISTAS E ELETR\u00d4NICOS SUL BRASIL<br \/>\nCNPJ: 50.259.779\/0001-32<br \/>\nInscri\u00e7\u00e3o Estadual: ISENTA<br \/>\nInscri\u00e7\u00e3o Municipal: 91266041<br \/>\nEndere\u00e7o: RUA PROF LUCIANO GUALBERTO, 158 TRAV 3 S A2 44 \u2013 JD MORUMBI \u2013 SP \/ CEP 05655-010<br \/>\nIMPORTANTE: Preparar um comprovante de emiss\u00e3o da Nota de Empenho em PDF e encaminhar em anexo para o e-mail: <a href=\"mailto:treasurer@induscon.org\/2023\" target=\"_blank\" rel=\"noopener\">treasurer@induscon.org\/2023<\/a>\u00a0informando no corpo da mensagem o nome completo do autor e o(s) n\u00famero(s) ID de Submiss\u00e3o do(s) Artigo(s).[\/vc_column_text][vc_column_text css=&#8221;.vc_custom_1690550348830{padding-top: 30px !important;padding-right: 30px !important;padding-bottom: 30px !important;padding-left: 30px !important;background-color: #eded93 !important;border-radius: 15px !important;}&#8221;]<strong>Dados da conta para dep\u00f3sito:<\/strong><\/p>\n<p>Banco: Banco Santander S\/A (033)<br \/>\nAg\u00eancia Butant\u00e2 USP: 0658<br \/>\nCidade: S\u00e3o Paulo<br \/>\nOpera\u00e7\u00e3o: Conta-Poupan\u00e7a PJ<br \/>\nN\u00famero da Conta Poupan\u00e7a: 600286450<br \/>\nTitular: IEEE \u2013 INSTITUTO DOS ENGENHEIROS ELETRICISTAS E ELETR\u00d4NICOS SUL BRASIL<br \/>\nCNPJ: 50.259.779\/0001-32<br \/>\nCampo Informa\u00e7\u00f5es do dep\u00f3sito (se houver): INDUSCON2023 e o(s) n\u00famero(s) ID de Submiss\u00e3o do(s) Artigo(s).<br \/>\nIMPORTANTE: ap\u00f3s o dep\u00f3sito, tirar uma impress\u00e3o do comprovante em PDF e encaminhar em anexo para o e-mail: <a href=\"mailto:treasurer@induscon.org\/2023\" target=\"_blank\" rel=\"noopener\">treasurer@induscon.org\/2023<\/a>\u00a0informando no corpo da mensagem o nome completo do autor e o(s) n\u00famero(s) ID de Submiss\u00e3o do(s) Artigo(s).[\/vc_column_text][vc_column_text]Outras formas de pagamento ou d\u00favidas:<br \/>\nFavor contactar o Tesoureiro do Induscon: e-mail:\u00a0<a href=\"mailto:treasurer@induscon.org\/2023\" target=\"_blank\" rel=\"noopener\">treasurer@induscon.org\/2023<\/a>.[\/vc_column_text][\/vc_column_inner][\/vc_row_inner][\/vc_column][\/vc_row]<\/p>\n","protected":false},"excerpt":{"rendered":"<p>[vc_row][vc_column][vc_row_inner][vc_column_inner width=&#8221;3\/4&#8243;][vc_column_text]Attention: Additional Payment Information (Only for brazilian \u201cNotas de Empenho\u201d and for direct payment options). Aten\u00e7\u00e3o: As informa\u00e7\u00f5es apresentadas aqui s\u00e3o para o cadastro, necess\u00e1rio para as \u201cNotas de Empenho\u201d e pagamento direto por PIX e dep\u00f3sito banc\u00e1rio.[\/vc_column_text][vc_column_text css=&#8221;.vc_custom_1690550306812{padding-top: 30px !important;padding-right: 30px !important;padding-bottom: 30px !important;padding-left: 30px !important;background-color: #eded93 !important;border-radius: 15px !important;}&#8221;]Dados da conta para [&hellip;]<\/p>\n","protected":false},"author":1,"featured_media":0,"parent":1658,"menu_order":0,"comment_status":"closed","ping_status":"closed","template":"","meta":{"footnotes":""},"_links":{"self":[{"href":"https:\/\/induscon.org\/2023\/wp-json\/wp\/v2\/pages\/1731"}],"collection":[{"href":"https:\/\/induscon.org\/2023\/wp-json\/wp\/v2\/pages"}],"about":[{"href":"https:\/\/induscon.org\/2023\/wp-json\/wp\/v2\/types\/page"}],"author":[{"embeddable":true,"href":"https:\/\/induscon.org\/2023\/wp-json\/wp\/v2\/users\/1"}],"replies":[{"embeddable":true,"href":"https:\/\/induscon.org\/2023\/wp-json\/wp\/v2\/comments?post=1731"}],"version-history":[{"count":4,"href":"https:\/\/induscon.org\/2023\/wp-json\/wp\/v2\/pages\/1731\/revisions"}],"predecessor-version":[{"id":1736,"href":"https:\/\/induscon.org\/2023\/wp-json\/wp\/v2\/pages\/1731\/revisions\/1736"}],"up":[{"embeddable":true,"href":"https:\/\/induscon.org\/2023\/wp-json\/wp\/v2\/pages\/1658"}],"wp:attachment":[{"href":"https:\/\/induscon.org\/2023\/wp-json\/wp\/v2\/media?parent=1731"}],"curies":[{"name":"wp","href":"https:\/\/api.w.org\/{rel}","templated":true}]}}