{"id":771,"date":"2018-01-29T22:48:44","date_gmt":"2018-01-30T00:48:44","guid":{"rendered":"http:\/\/www.induscon.org\/?page_id=771"},"modified":"2021-04-23T14:05:32","modified_gmt":"2021-04-23T17:05:32","slug":"organizing-committee","status":"publish","type":"page","link":"https:\/\/induscon.org\/2021\/conference\/organizing-committee\/","title":{"rendered":"Organizing Committee"},"content":{"rendered":"<p>[vc_row][vc_column][vc_row_inner][vc_column_inner width=&#8221;1\/2&#8243;][vc_images_carousel images=&#8221;1341,831,1332&#8243; img_size=&#8221;full&#8221; onclick=&#8221;link_no&#8221; autoplay=&#8221;yes&#8221; hide_pagination_control=&#8221;yes&#8221; hide_prev_next_buttons=&#8221;yes&#8221;][\/vc_column_inner][vc_column_inner width=&#8221;1\/2&#8243;]<div class=\"thw-title-shortcode \" style=\"text-align:left;\"><h3 class=\"style-title\" style=\"font-size:24px;margin:0 0 10px 0;\">Induscon 2021 Organizing Committee<\/h3><\/div>[vc_separator]<div class=\"thw-title-shortcode \" style=\"text-align:left;\"><span class=\"style-title\" style=\"font-size:24px;margin:0 0 10px 0;\">Conference General Chairs: <\/span><\/div><div class=\"thw-list-item \" style=\"display:block;margin-bottom:5px;margin-top:5px;\"><div class=\"list-item-title\" style=\"color:;font-size:14px\"><span><i style=\"color:;\" class=\"fa fa-check-circle-o\"><\/i> Marcos de Sales Guerra Tsuzuki - Chair (Escola Polit\u00e9cnica USP)<\/span><\/div><\/div><div class=\"thw-list-item \" style=\"display:block;margin-bottom:5px;margin-top:5px;\"><div class=\"list-item-title\" style=\"color:;font-size:14px\"><span><i style=\"color:;\" class=\"fa fa-check-circle-o\"><\/i> Marcosiris Amorim de Oliveira Pessoa - Co-Chair (Escola Polit\u00e9cnica USP)<\/span><\/div><\/div>[vc_zigzag el_border_width=&#8221;8&#8243;]<div class=\"thw-title-shortcode \" style=\"text-align:left;\"><span class=\"style-title\" style=\"font-size:24px;margin:0 0 10px 0;\">Infrastructure Chairs:<\/span><\/div><div class=\"thw-list-item \" style=\"display:block;margin-bottom:5px;margin-top:5px;\"><div class=\"list-item-title\" style=\"color:;font-size:14px\"><span><i style=\"color:;\" class=\"fa fa-check-circle-o\"><\/i> Fabricio Junqueira (Escola Polit\u00e9cnica USP)<\/span><\/div><\/div><div class=\"thw-list-item \" style=\"display:block;margin-bottom:5px;margin-top:5px;\"><div class=\"list-item-title\" style=\"color:;font-size:14px\"><span><i style=\"color:;\" class=\"fa fa-check-circle-o\"><\/i> Fl\u00e1vio Buiochi (Escola Polit\u00e9cnica USP)<\/span><\/div><\/div>[vc_zigzag el_border_width=&#8221;8&#8243;]<div class=\"thw-title-shortcode \" style=\"text-align:left;\"><span class=\"style-title\" style=\"font-size:24px;margin:0 0 10px 0;\">Financial Chair:<\/span><\/div><div class=\"thw-list-item \" style=\"display:block;margin-bottom:5px;margin-top:5px;\"><div class=\"list-item-title\" style=\"color:;font-size:14px\"><span><i style=\"color:;\" class=\"fa fa-check-circle-o\"><\/i> Guiou Kobayashi (Universidade Federal do ABC)<\/span><\/div><\/div>[vc_zigzag el_border_width=&#8221;8&#8243;]<div class=\"thw-title-shortcode \" style=\"text-align:left;\"><span class=\"style-title\" style=\"font-size:24px;margin:0 0 10px 0;\">Secretary and Publicity Chair:<\/span><\/div><div class=\"thw-list-item \" style=\"display:block;margin-bottom:5px;margin-top:5px;\"><div class=\"list-item-title\" style=\"color:;font-size:14px\"><span><i style=\"color:;\" class=\"fa fa-check-circle-o\"><\/i> Thiago de Castro Martins (Escola Polit\u00e9cnica USP)<\/span><\/div><\/div>[vc_zigzag el_border_width=&#8221;8&#8243;]<div class=\"thw-title-shortcode \" style=\"text-align:left;\"><span class=\"style-title\" style=\"font-size:24px;margin:0 0 10px 0;\">Technical Program Chair:<\/span><\/div><div class=\"thw-list-item \" style=\"display:block;margin-bottom:5px;margin-top:5px;\"><div class=\"list-item-title\" style=\"color:;font-size:14px\"><span><i style=\"color:;\" class=\"fa fa-check-circle-o\"><\/i> Alexandre Ac\u00e1cio de Andrade (Universidade Federal do ABC)<\/span><\/div><\/div>[vc_zigzag el_border_width=&#8221;8&#8243;]<div class=\"thw-title-shortcode \" style=\"text-align:left;\"><span class=\"style-title\" style=\"font-size:24px;margin:0 0 10px 0;\">Technical Program Co-Chairs:<\/span><\/div><div class=\"thw-list-item \" style=\"display:block;margin-bottom:5px;margin-top:5px;\"><div class=\"list-item-title\" style=\"color:;font-size:14px\"><span><i style=\"color:;\" class=\"fa fa-check-circle-o\"><\/i> Agesinaldo Matos Silva Junior (Escola Polit\u00e9cnica USP - SP Brazil)<\/span><\/div><\/div><div class=\"thw-list-item \" style=\"display:block;margin-bottom:5px;margin-top:5px;\"><div class=\"list-item-title\" style=\"color:;font-size:14px\"><span><i style=\"color:;\" class=\"fa fa-check-circle-o\"><\/i> Ahmad Barari (University of Ontario Institute of Technology - Canada)<\/span><\/div><\/div><div class=\"thw-list-item \" style=\"display:block;margin-bottom:5px;margin-top:5px;\"><div class=\"list-item-title\" style=\"color:;font-size:14px\"><span><i style=\"color:;\" class=\"fa fa-check-circle-o\"><\/i> Alexandre Caramelo Pinto (Funda\u00e7\u00e3o Get\u00falio Vargas FGV - SP)<\/span><\/div><\/div><div class=\"thw-list-item \" style=\"display:block;margin-bottom:5px;margin-top:5px;\"><div class=\"list-item-title\" style=\"color:;font-size:14px\"><span><i style=\"color:;\" class=\"fa fa-check-circle-o\"><\/i> Andr\u00e9 C\u00e9sar Martins Cavalheiro (Centro Universit\u00e1rio Funda\u00e7\u00e3o Santo Andr\u00e9 - SP Brazil)<\/span><\/div><\/div><div class=\"thw-list-item \" style=\"display:block;margin-bottom:5px;margin-top:5px;\"><div class=\"list-item-title\" style=\"color:;font-size:14px\"><span><i style=\"color:;\" class=\"fa fa-check-circle-o\"><\/i> Andr\u00e9 Kubagawa Sato (Escola Polit\u00e9cnica USP - SP Brazil)<\/span><\/div><\/div><div class=\"thw-list-item \" style=\"display:block;margin-bottom:5px;margin-top:5px;\"><div class=\"list-item-title\" style=\"color:;font-size:14px\"><span><i style=\"color:;\" class=\"fa fa-check-circle-o\"><\/i> Arturo Forner Cordero (Escola Polit\u00e9cnica USP - SP Brazil)<\/span><\/div><\/div><div class=\"thw-list-item \" style=\"display:block;margin-bottom:5px;margin-top:5px;\"><div class=\"list-item-title\" style=\"color:;font-size:14px\"><span><i style=\"color:;\" class=\"fa fa-check-circle-o\"><\/i> Eduardo Aoun Tannuri (Escola Polit\u00e9cnica USP - SP Brazil)<\/span><\/div><\/div><div class=\"thw-list-item \" style=\"display:block;margin-bottom:5px;margin-top:5px;\"><div class=\"list-item-title\" style=\"color:;font-size:14px\"><span><i style=\"color:;\" class=\"fa fa-check-circle-o\"><\/i> Edson Kenji Ueda (Escola Polit\u00e9cnica USP - SP Brazil)<\/span><\/div><\/div><div class=\"thw-list-item \" style=\"display:block;margin-bottom:5px;margin-top:5px;\"><div class=\"list-item-title\" style=\"color:;font-size:14px\"><span><i style=\"color:;\" class=\"fa fa-check-circle-o\"><\/i> Flavius Portella Ribas Martins (Escola Polit\u00e9cnica USP - SP Brazil)<\/span><\/div><\/div><div class=\"thw-list-item \" style=\"display:block;margin-bottom:5px;margin-top:5px;\"><div class=\"list-item-title\" style=\"color:;font-size:14px\"><span><i style=\"color:;\" class=\"fa fa-check-circle-o\"><\/i> Jos\u00e9 Henrique Araujo Lopes Andrade (Universidade Federal de Alagoas - AL Brazil)<\/span><\/div><\/div><div class=\"thw-list-item \" style=\"display:block;margin-bottom:5px;margin-top:5px;\"><div class=\"list-item-title\" style=\"color:;font-size:14px\"><span><i style=\"color:;\" class=\"fa fa-check-circle-o\"><\/i>  Jadir Perpetuo dos Santos (Universidade Federal do ABC - SP Brazil)<\/span><\/div><\/div><div class=\"thw-list-item \" style=\"display:block;margin-bottom:5px;margin-top:5px;\"><div class=\"list-item-title\" style=\"color:;font-size:14px\"><span><i style=\"color:;\" class=\"fa fa-check-circle-o\"><\/i> Lu\u00eds Henrique Rodrigues (Universidade Federal do ABC - SP Brazil)<\/span><\/div><\/div><div class=\"thw-list-item \" style=\"display:block;margin-bottom:5px;margin-top:5px;\"><div class=\"list-item-title\" style=\"color:;font-size:14px\"><span><i style=\"color:;\" class=\"fa fa-check-circle-o\"><\/i> Marcelo Yassunori Matuda (Escola Polit\u00e9cnica USP - SP Brazil)<\/span><\/div><\/div><div class=\"thw-list-item \" style=\"display:block;margin-bottom:5px;margin-top:5px;\"><div class=\"list-item-title\" style=\"color:;font-size:14px\"><span><i style=\"color:;\" class=\"fa fa-check-circle-o\"><\/i> Milena Faria Pinto (Centro Federal de Educa\u00e7\u00e3o Tecnol\u00f3gica CEFET RJ - RJ Brazil)<\/span><\/div><\/div><div class=\"thw-list-item \" style=\"display:block;margin-bottom:5px;margin-top:5px;\"><div class=\"list-item-title\" style=\"color:;font-size:14px\"><span><i style=\"color:;\" class=\"fa fa-check-circle-o\"><\/i> Newton Maruyama (Escola Polit\u00e9cnica USP - SP Brazil)<\/span><\/div><\/div><div class=\"thw-list-item \" style=\"display:block;margin-bottom:5px;margin-top:5px;\"><div class=\"list-item-title\" style=\"color:;font-size:14px\"><span><i style=\"color:;\" class=\"fa fa-check-circle-o\"><\/i>  Olavo Luppi Silva (Universidade Federal do ABC - SP Brazil)<\/span><\/div><\/div><div class=\"thw-list-item \" style=\"display:block;margin-bottom:5px;margin-top:5px;\"><div class=\"list-item-title\" style=\"color:;font-size:14px\"><span><i style=\"color:;\" class=\"fa fa-check-circle-o\"><\/i> Oswaldo Horikawa (Escola Polit\u00e9cnica USP - SP Brazil)<\/span><\/div><\/div><div class=\"thw-list-item \" style=\"display:block;margin-bottom:5px;margin-top:5px;\"><div class=\"list-item-title\" style=\"color:;font-size:14px\"><span><i style=\"color:;\" class=\"fa fa-check-circle-o\"><\/i> Pai Chinan (Escola Polit\u00e9cnica USP - SP Brazil)<\/span><\/div><\/div><div class=\"thw-list-item \" style=\"display:block;margin-bottom:5px;margin-top:5px;\"><div class=\"list-item-title\" style=\"color:;font-size:14px\"><span><i style=\"color:;\" class=\"fa fa-check-circle-o\"><\/i> Paulo Eigi Miyagi (Escola Polit\u00e9cnica USP - SP Brazil)<\/span><\/div><\/div><div class=\"thw-list-item \" style=\"display:block;margin-bottom:5px;margin-top:5px;\"><div class=\"list-item-title\" style=\"color:;font-size:14px\"><span><i style=\"color:;\" class=\"fa fa-check-circle-o\"><\/i> Rog\u00e9rio Luis Spagnolo da Silva (Centro Universit\u00e1rio FMU - SP)<\/span><\/div><\/div><div class=\"thw-list-item \" style=\"display:block;margin-bottom:5px;margin-top:5px;\"><div class=\"list-item-title\" style=\"color:;font-size:14px\"><span><i style=\"color:;\" class=\"fa fa-check-circle-o\"><\/i> Rog\u00e9rio Yugo Takimoto (Escola Polit\u00e9cnica USP - SP Brazil)<\/span><\/div><\/div><div class=\"thw-list-item \" style=\"display:block;margin-bottom:5px;margin-top:5px;\"><div class=\"list-item-title\" style=\"color:;font-size:14px\"><span><i style=\"color:;\" class=\"fa fa-check-circle-o\"><\/i> Rovilson Mafalda (Universidade Federal do ABC - SP Brazil)<\/span><\/div><\/div>[\/vc_column_inner][\/vc_row_inner][\/vc_column][\/vc_row]<\/p>\n","protected":false},"excerpt":{"rendered":"<p>[vc_row][vc_column][vc_row_inner][vc_column_inner width=&#8221;1\/2&#8243;][vc_images_carousel images=&#8221;1341,831,1332&#8243; img_size=&#8221;full&#8221; onclick=&#8221;link_no&#8221; autoplay=&#8221;yes&#8221; hide_pagination_control=&#8221;yes&#8221; hide_prev_next_buttons=&#8221;yes&#8221;][\/vc_column_inner][vc_column_inner width=&#8221;1\/2&#8243;][vc_separator][vc_zigzag el_border_width=&#8221;8&#8243;][vc_zigzag el_border_width=&#8221;8&#8243;][vc_zigzag el_border_width=&#8221;8&#8243;][vc_zigzag el_border_width=&#8221;8&#8243;][vc_zigzag el_border_width=&#8221;8&#8243;][\/vc_column_inner][\/vc_row_inner][\/vc_column][\/vc_row]<\/p>\n","protected":false},"author":1,"featured_media":0,"parent":897,"menu_order":0,"comment_status":"closed","ping_status":"closed","template":"","meta":[],"_links":{"self":[{"href":"https:\/\/induscon.org\/2021\/wp-json\/wp\/v2\/pages\/771"}],"collection":[{"href":"https:\/\/induscon.org\/2021\/wp-json\/wp\/v2\/pages"}],"about":[{"href":"https:\/\/induscon.org\/2021\/wp-json\/wp\/v2\/types\/page"}],"author":[{"embeddable":true,"href":"https:\/\/induscon.org\/2021\/wp-json\/wp\/v2\/users\/1"}],"replies":[{"embeddable":true,"href":"https:\/\/induscon.org\/2021\/wp-json\/wp\/v2\/comments?post=771"}],"version-history":[{"count":20,"href":"https:\/\/induscon.org\/2021\/wp-json\/wp\/v2\/pages\/771\/revisions"}],"predecessor-version":[{"id":1422,"href":"https:\/\/induscon.org\/2021\/wp-json\/wp\/v2\/pages\/771\/revisions\/1422"}],"up":[{"embeddable":true,"href":"https:\/\/induscon.org\/2021\/wp-json\/wp\/v2\/pages\/897"}],"wp:attachment":[{"href":"https:\/\/induscon.org\/2021\/wp-json\/wp\/v2\/media?parent=771"}],"curies":[{"name":"wp","href":"https:\/\/api.w.org\/{rel}","templated":true}]}}