{"id":756,"date":"2017-10-01T23:49:00","date_gmt":"2017-10-02T02:49:00","guid":{"rendered":"http:\/\/www.induscon.org\/?page_id=756"},"modified":"2020-10-05T22:15:45","modified_gmt":"2020-10-06T01:15:45","slug":"comite-de-gestao","status":"publish","type":"page","link":"https:\/\/induscon.org\/2021\/induscon\/comite-de-gestao\/","title":{"rendered":"Comit\u00ea de Gest\u00e3o"},"content":{"rendered":"<p>[vc_row][vc_column][vc_row_inner][vc_column_inner width=&#8221;1\/2&#8243;][vc_images_carousel images=&#8221;1334&#8243; img_size=&#8221;full&#8221; autoplay=&#8221;yes&#8221;][vc_text_separator title=&#8221;Fale com o Comit\u00ea&#8221; i_icon_fontawesome=&#8221;fa fa-envelope-o&#8221; i_color=&#8221;orange&#8221; add_icon=&#8221;true&#8221;]<div role=\"form\" class=\"wpcf7\" id=\"wpcf7-f842-o1\" lang=\"pt-BR\" dir=\"ltr\">\n<div class=\"screen-reader-response\"><\/div>\n<form action=\"\/2021\/wp-json\/wp\/v2\/pages\/756#wpcf7-f842-o1\" method=\"post\" class=\"wpcf7-form\" novalidate=\"novalidate\">\n<div style=\"display: none;\">\n<input type=\"hidden\" name=\"_wpcf7\" value=\"842\" \/>\n<input type=\"hidden\" name=\"_wpcf7_version\" value=\"4.9\" \/>\n<input type=\"hidden\" name=\"_wpcf7_locale\" value=\"pt_BR\" \/>\n<input type=\"hidden\" name=\"_wpcf7_unit_tag\" value=\"wpcf7-f842-o1\" \/>\n<input type=\"hidden\" name=\"_wpcf7_container_post\" value=\"0\" \/>\n<\/div>\n<p><label> Nome<br \/>\n    <span class=\"wpcf7-form-control-wrap your-name\"><input type=\"text\" name=\"your-name\" value=\"\" size=\"40\" class=\"wpcf7-form-control wpcf7-text wpcf7-validates-as-required\" aria-required=\"true\" aria-invalid=\"false\" \/><\/span> <\/label><\/p>\n<p><label> E-mail<br \/>\n    <span class=\"wpcf7-form-control-wrap your-email\"><input type=\"email\" name=\"your-email\" value=\"\" size=\"40\" class=\"wpcf7-form-control wpcf7-text wpcf7-email wpcf7-validates-as-required wpcf7-validates-as-email\" aria-required=\"true\" aria-invalid=\"false\" \/><\/span> <\/label><\/p>\n<p><label> Mensagem<br \/>\n    <span class=\"wpcf7-form-control-wrap your-message\"><textarea name=\"your-message\" cols=\"40\" rows=\"10\" class=\"wpcf7-form-control wpcf7-textarea\" aria-invalid=\"false\"><\/textarea><\/span> <\/label><\/p>\n<p><input type=\"submit\" value=\"Enviar\" class=\"wpcf7-form-control wpcf7-submit\" \/><\/p>\n<div class=\"wpcf7-response-output wpcf7-display-none\"><\/div><\/form><\/div>[\/vc_column_inner][vc_column_inner width=&#8221;1\/2&#8243;]<div class=\"thw-title-shortcode \" style=\"text-align:left;\"><h3 class=\"style-title\" style=\"font-size:24px;margin:0 0 10px 0;\">Comit\u00ea de Gest\u00e3o do INDUSCON:<\/h3><\/div><div class=\"thw-list-item \" style=\"display:block;margin-bottom:5px;margin-top:5px;\"><div class=\"list-item-title\" style=\"color:;font-size:14px\"><span><i style=\"color:;\" class=\"fa fa-check-circle-o\"><\/i> O Comit\u00ea tem como objetivo acompanhar, fiscalizar e deliberar sobre todos os assuntos relacionados ao INDUSCON, tanto os eventos como a marca ``INDUSCON`` e o seu uso.<\/span><\/div><\/div><div class=\"thw-list-item \" style=\"display:block;margin-bottom:5px;margin-top:5px;\"><div class=\"list-item-title\" style=\"color:;font-size:14px\"><span><i style=\"color:;\" class=\"fa fa-check-circle-o\"><\/i> Responsabilidades: zelar pela qualidade, prest\u00edgio e progresso do INDUSCON.<\/span><\/div><\/div><div class=\"thw-list-item \" style=\"display:block;margin-bottom:5px;margin-top:5px;\"><div class=\"list-item-title\" style=\"color:;font-size:14px\"><span><i style=\"color:;\" class=\"fa fa-check-circle-o\"><\/i> Registro e controle da marca INDUSCON junto aos org\u00e3os competentes (inclusive na Internet). Estabelecer a forma de uso e autoriza\u00e7\u00f5es de uso.<\/span><\/div><\/div><div class=\"thw-list-item \" style=\"display:block;margin-bottom:5px;margin-top:5px;\"><div class=\"list-item-title\" style=\"color:;font-size:14px\"><span><i style=\"color:;\" class=\"fa fa-check-circle-o\"><\/i> Determinar o local e a data das realiza\u00e7\u00f5es do evento INDUSCON.<\/span><\/div><\/div><div class=\"thw-list-item \" style=\"display:block;margin-bottom:5px;margin-top:5px;\"><div class=\"list-item-title\" style=\"color:;font-size:14px\"><span><i style=\"color:;\" class=\"fa fa-check-circle-o\"><\/i> Elaborar, aprovar, e modificar o estatuto do INDUSCON.<\/span><\/div><\/div><div class=\"thw-list-item \" style=\"display:block;margin-bottom:5px;margin-top:5px;\"><div class=\"list-item-title\" style=\"color:;font-size:14px\"><span><i style=\"color:;\" class=\"fa fa-check-circle-o\"><\/i> Criar e manter uma presen\u00e7a na Internet (site, Facebook, Linkedin, etc), contendo o hist\u00f3rico e conte\u00fado dos eventos passados e not\u00edcias sobre o INDUSCON (Refer\u00eancia p\u00fablica permanente).<\/span><\/div><\/div><div class=\"thw-title-shortcode \" style=\"text-align:left;\"><h2 class=\"style-title\" style=\"font-size:20px;margin:0 0 10px 0;\">Membros do Comit\u00ea de Gest\u00e3o do INDUSCON: Membros do cap\u00edtulo IAS da Se\u00e7\u00e3o Sul Brasil<\/h2><\/div><div class=\"thw-list-item \" style=\"display:block;margin-bottom:5px;margin-top:5px;\"><div class=\"list-item-title\" style=\"color:;font-size:14px\"><span><i style=\"color:;\" class=\"fa fa-check-circle-o\"><\/i> Mario Ogava (Presidente)<\/span><\/div><\/div><div class=\"thw-list-item \" style=\"display:block;margin-bottom:5px;margin-top:5px;\"><div class=\"list-item-title\" style=\"color:;font-size:14px\"><span><i style=\"color:;\" class=\"fa fa-check-circle-o\"><\/i> Luiz Tomiyoshi<\/span><\/div><\/div><div class=\"thw-list-item \" style=\"display:block;margin-bottom:5px;margin-top:5px;\"><div class=\"list-item-title\" style=\"color:;font-size:14px\"><span><i style=\"color:;\" class=\"fa fa-check-circle-o\"><\/i> Fabio Leite<\/span><\/div><\/div><div class=\"thw-list-item \" style=\"display:block;margin-bottom:5px;margin-top:5px;\"><div class=\"list-item-title\" style=\"color:;font-size:14px\"><span><i style=\"color:;\" class=\"fa fa-check-circle-o\"><\/i> Guiou Kobayashi<\/span><\/div><\/div>[\/vc_column_inner][\/vc_row_inner][\/vc_column][\/vc_row][vc_row][vc_column][\/vc_column][\/vc_row]<\/p>\n","protected":false},"excerpt":{"rendered":"<p>[vc_row][vc_column][vc_row_inner][vc_column_inner width=&#8221;1\/2&#8243;][vc_images_carousel images=&#8221;1334&#8243; img_size=&#8221;full&#8221; autoplay=&#8221;yes&#8221;][vc_text_separator title=&#8221;Fale com o Comit\u00ea&#8221; i_icon_fontawesome=&#8221;fa fa-envelope-o&#8221; i_color=&#8221;orange&#8221; add_icon=&#8221;true&#8221;][\/vc_column_inner][vc_column_inner width=&#8221;1\/2&#8243;][\/vc_column_inner][\/vc_row_inner][\/vc_column][\/vc_row][vc_row][vc_column][\/vc_column][\/vc_row]<\/p>\n","protected":false},"author":1,"featured_media":0,"parent":902,"menu_order":0,"comment_status":"closed","ping_status":"closed","template":"","meta":[],"_links":{"self":[{"href":"https:\/\/induscon.org\/2021\/wp-json\/wp\/v2\/pages\/756"}],"collection":[{"href":"https:\/\/induscon.org\/2021\/wp-json\/wp\/v2\/pages"}],"about":[{"href":"https:\/\/induscon.org\/2021\/wp-json\/wp\/v2\/types\/page"}],"author":[{"embeddable":true,"href":"https:\/\/induscon.org\/2021\/wp-json\/wp\/v2\/users\/1"}],"replies":[{"embeddable":true,"href":"https:\/\/induscon.org\/2021\/wp-json\/wp\/v2\/comments?post=756"}],"version-history":[{"count":7,"href":"https:\/\/induscon.org\/2021\/wp-json\/wp\/v2\/pages\/756\/revisions"}],"predecessor-version":[{"id":1335,"href":"https:\/\/induscon.org\/2021\/wp-json\/wp\/v2\/pages\/756\/revisions\/1335"}],"up":[{"embeddable":true,"href":"https:\/\/induscon.org\/2021\/wp-json\/wp\/v2\/pages\/902"}],"wp:attachment":[{"href":"https:\/\/induscon.org\/2021\/wp-json\/wp\/v2\/media?parent=756"}],"curies":[{"name":"wp","href":"https:\/\/api.w.org\/{rel}","templated":true}]}}