{"id":751,"date":"2017-10-01T23:28:53","date_gmt":"2017-10-02T02:28:53","guid":{"rendered":"http:\/\/www.induscon.org\/?page_id=751"},"modified":"2020-10-05T22:33:34","modified_gmt":"2020-10-06T01:33:34","slug":"o-que-e","status":"publish","type":"page","link":"https:\/\/induscon.org\/2021\/induscon\/o-que-e\/","title":{"rendered":"Induscon: o que \u00e9"},"content":{"rendered":"<p>[vc_row][vc_column][vc_row_inner][vc_column_inner width=&#8221;1\/2&#8243;][vc_images_carousel images=&#8221;1343,1334&#8243; img_size=&#8221;full&#8221; autoplay=&#8221;yes&#8221;][\/vc_column_inner][vc_column_inner width=&#8221;1\/2&#8243;]<div class=\"thw-title-shortcode \" style=\"text-align:left;\"><h3 class=\"style-title\" style=\"font-size:24px;margin:0 0 10px 0;\">Induscon<\/h3><\/div>[vc_column_text css=&#8221;.vc_custom_1506912111879{margin-bottom: 15px !important;}&#8221;]Conferencia de Aplica\u00e7\u00e3o <b>Indus<\/b>trial de Eletricidade, <b>Con<\/b>serva\u00e7\u00e3o, <b>Con<\/b>fiabilidade e <b>Con<\/b>trole\/Automa\u00e7\u00e3o[\/vc_column_text]<div class=\"thw-list-item \" style=\"display:block;margin-bottom:5px;margin-top:5px;\"><div class=\"list-item-title\" style=\"color:;font-size:14px\"><span><i style=\"color:;\" class=\"fa fa-check-circle-o\"><\/i> Refer\u00eancia: Ficha de Identidade do Induscon<\/span><\/div><\/div><div class=\"thw-list-item \" style=\"display:block;margin-bottom:5px;margin-top:5px;\"><div class=\"list-item-title\" style=\"color:;font-size:14px\"><span><i style=\"color:;\" class=\"fa fa-check-circle-o\"><\/i> Idealizador: Cap\u00edtulo IAS \u2013 Se\u00e7\u00e3o Sul Brasil<\/span><\/div><\/div><div class=\"thw-list-item \" style=\"display:block;margin-bottom:5px;margin-top:5px;\"><div class=\"list-item-title\" style=\"color:;font-size:14px\"><span><i style=\"color:;\" class=\"fa fa-check-circle-o\"><\/i> Primeira edi\u00e7\u00e3o: S\u00e3o Paulo \u2013 Agosto de 1992<\/span><\/div><\/div><div class=\"thw-list-item \" style=\"display:block;margin-bottom:5px;margin-top:5px;\"><div class=\"list-item-title\" style=\"color:;font-size:14px\"><span><i style=\"color:;\" class=\"fa fa-check-circle-o\"><\/i> Periodicidade: Bianual<\/span><\/div><\/div><div class=\"thw-list-item \" style=\"display:block;margin-bottom:5px;margin-top:5px;\"><div class=\"list-item-title\" style=\"color:;font-size:14px\"><span><i style=\"color:;\" class=\"fa fa-check-circle-o\"><\/i> Objetivo: Promover o progresso tecnol\u00f3gico da teoria e pr\u00e1tica da melhor aplica\u00e7\u00e3o de engenharia el\u00e9trica e eletr\u00f4nica na ind\u00fastria.<\/span><\/div><\/div>[\/vc_column_inner][\/vc_row_inner][\/vc_column][\/vc_row]<\/p>\n","protected":false},"excerpt":{"rendered":"<p>[vc_row][vc_column][vc_row_inner][vc_column_inner width=&#8221;1\/2&#8243;][vc_images_carousel images=&#8221;1343,1334&#8243; img_size=&#8221;full&#8221; autoplay=&#8221;yes&#8221;][\/vc_column_inner][vc_column_inner width=&#8221;1\/2&#8243;][vc_column_text css=&#8221;.vc_custom_1506912111879{margin-bottom: 15px !important;}&#8221;]Conferencia de Aplica\u00e7\u00e3o Industrial de Eletricidade, Conserva\u00e7\u00e3o, Confiabilidade e Controle\/Automa\u00e7\u00e3o[\/vc_column_text][\/vc_column_inner][\/vc_row_inner][\/vc_column][\/vc_row]<\/p>\n","protected":false},"author":1,"featured_media":0,"parent":902,"menu_order":0,"comment_status":"closed","ping_status":"closed","template":"","meta":[],"_links":{"self":[{"href":"https:\/\/induscon.org\/2021\/wp-json\/wp\/v2\/pages\/751"}],"collection":[{"href":"https:\/\/induscon.org\/2021\/wp-json\/wp\/v2\/pages"}],"about":[{"href":"https:\/\/induscon.org\/2021\/wp-json\/wp\/v2\/types\/page"}],"author":[{"embeddable":true,"href":"https:\/\/induscon.org\/2021\/wp-json\/wp\/v2\/users\/1"}],"replies":[{"embeddable":true,"href":"https:\/\/induscon.org\/2021\/wp-json\/wp\/v2\/comments?post=751"}],"version-history":[{"count":4,"href":"https:\/\/induscon.org\/2021\/wp-json\/wp\/v2\/pages\/751\/revisions"}],"predecessor-version":[{"id":1344,"href":"https:\/\/induscon.org\/2021\/wp-json\/wp\/v2\/pages\/751\/revisions\/1344"}],"up":[{"embeddable":true,"href":"https:\/\/induscon.org\/2021\/wp-json\/wp\/v2\/pages\/902"}],"wp:attachment":[{"href":"https:\/\/induscon.org\/2021\/wp-json\/wp\/v2\/media?parent=751"}],"curies":[{"name":"wp","href":"https:\/\/api.w.org\/{rel}","templated":true}]}}