{"id":1175,"date":"2018-09-18T21:52:35","date_gmt":"2018-09-19T00:52:35","guid":{"rendered":"http:\/\/www.induscon.org\/?page_id=1175"},"modified":"2021-05-20T21:01:16","modified_gmt":"2021-05-21T00:01:16","slug":"payment-information","status":"publish","type":"page","link":"https:\/\/induscon.org\/2021\/conference\/registration\/payment-information\/","title":{"rendered":"Payment Information"},"content":{"rendered":"<p>[vc_row][vc_column][vc_row_inner][vc_column_inner width=&#8221;3\/4&#8243;][vc_column_text]<span style=\"color: #ff0000;\"><b>Attention:<\/b><\/span>\u00a0Additional Payment Information (Only for brazilian \u201cNotas de Empenho\u201d and for direct payment options).<\/p>\n<p><span style=\"color: #ff0000;\"><b>Aten\u00e7\u00e3o:<\/b>\u00a0<\/span>As informa\u00e7\u00f5es apresentadas aqui s\u00e3o para o cadastro, necess\u00e1rio para as \u201cNotas de Empenho\u201d e pagamento direto por dep\u00f3sito banc\u00e1rio.[\/vc_column_text][vc_column_text css=&#8221;.vc_custom_1621554968686{padding-top: 30px !important;padding-right: 30px !important;padding-bottom: 30px !important;padding-left: 30px !important;background-color: #eded93 !important;border-radius: 15px !important;}&#8221;]<b>Dados Para Emiss\u00e3o da NOTA DE EMPENHO:<br \/>\n<\/b><br \/>\nEmpenho \u2013 INDUSCON2021<br \/>\nRaz\u00e3o Social: IEEE &#8211; INSTITUTO DOS ENGENHEIROS ELETRICISTAS E ELETR\u00d4NICOS SUL BRASIL<br \/>\nCNPJ: 50.259.779\/0001-32<br \/>\nInscri\u00e7\u00e3o Estadual: ISENTA<br \/>\nInscri\u00e7\u00e3o Municipal: 91266041<br \/>\nEndere\u00e7o: RUA PROF LUCIANO GUALBERTO, 158 TRAV 3 S A2 44 \u2013 JD MORUMBI \u2013 SP \/ CEP 05655-010<br \/>\nIMPORTANTE: Preparar um comprovante de emiss\u00e3o da Nota de Empenho em PDF e encaminhar em anexo para o e-mail:<br \/>\n<a href=\"mailto:treasurer-2021@induscon.org\" target=\"_blank\" rel=\"noopener\">treasurer-2021@induscon.org<\/a><br \/>\ninformando no corpo da mensagem o nome completo do autor e o(s) n\u00famero(s) ID de Submiss\u00e3o do(s) Artigo(s).[\/vc_column_text][vc_column_text css=&#8221;.vc_custom_1621554959844{padding-top: 30px !important;padding-right: 30px !important;padding-bottom: 30px !important;padding-left: 30px !important;background-color: #eded93 !important;border-radius: 15px !important;}&#8221;]<b>Dados da conta para dep\u00f3sito:<br \/>\n<\/b><br \/>\nBanco: Banco Santander S\/A (033)<br \/>\nAg\u00eancia Butant\u00e2 USP: 0658<br \/>\nCidade: S\u00e3o Paulo<br \/>\nOpera\u00e7\u00e3o: Conta-Poupan\u00e7a PJ<br \/>\nN\u00famero da Conta Poupan\u00e7a: 600286450<br \/>\nTitular: IEEE &#8211; INSTITUTO DOS ENGENHEIROS ELETRICISTAS E ELETR\u00d4NICOS SUL BRASIL<br \/>\nCNPJ: 50.259.779\/0001-32<br \/>\nCampo Informa\u00e7\u00f5es do dep\u00f3sito (se houver): INDUSCON2021 e o(s) n\u00famero(s) ID de Submiss\u00e3o do(s) Artigo(s).<br \/>\nIMPORTANTE: ap\u00f3s o dep\u00f3sito, tirar uma impress\u00e3o do comprovante em PDF e encaminhar em anexo para o e-mail:<br \/>\n<a href=\"mailto:treasurer-2021@induscon.org\" target=\"_blank\" rel=\"noopener\">treasurer-2021@induscon.org<\/a><br \/>\ninformando no corpo da mensagem o nome completo do autor e o(s) n\u00famero(s) ID de Submiss\u00e3o do(s) Artigo(s).[\/vc_column_text][vc_column_text css=&#8221;.vc_custom_1621554995492{padding-top: 30px !important;padding-right: 30px !important;padding-bottom: 30px !important;padding-left: 30px !important;background-color: #eded93 !important;border-radius: 15px !important;}&#8221;]<b>Dados da conta para transfer\u00eancia atrav\u00e9s do PIX:<br \/>\n<\/b><br \/>\nChave do PIX: N\u00famero do CNPJ: 50.259.779\/0001-32<br \/>\nCampo Informa\u00e7\u00f5es do PIX: INDUSCON2021 e o(s) n\u00famero(s) ID de Submiss\u00e3o do(s) Artigo(s).<br \/>\nIMPORTANTE: ap\u00f3s o dep\u00f3sito, tirar uma impress\u00e3o do comprovante em PDF e encaminhar em anexo para o e-mail:<br \/>\n<a href=\"mailto:treasurer-2021@induscon.org\" target=\"_blank\" rel=\"noopener\">treasurer-2021@induscon.org<\/a><br \/>\ninformando no corpo da mensagem o nome completo do autor e o(s) n\u00famero(s) ID de Submiss\u00e3o do(s) Artigo(s).<\/p>\n<p><b>Outras formas de pagamento ou d\u00favidas:<\/b><br \/>\nFavor contactar o Tesoureiro do Induscon: e-mail:\u00a0<a href=\"mailto:treasurer-2021@induscon.org\" target=\"_blank\" rel=\"noopener\">treasurer-2021@induscon.org<\/a>.[\/vc_column_text][\/vc_column_inner][\/vc_row_inner][\/vc_column][\/vc_row]<\/p>\n","protected":false},"excerpt":{"rendered":"<p>[vc_row][vc_column][vc_row_inner][vc_column_inner width=&#8221;3\/4&#8243;][vc_column_text]Attention:\u00a0Additional Payment Information (Only for brazilian \u201cNotas de Empenho\u201d and for direct payment options). Aten\u00e7\u00e3o:\u00a0As informa\u00e7\u00f5es apresentadas aqui s\u00e3o para o cadastro, necess\u00e1rio para as \u201cNotas de Empenho\u201d e pagamento direto por dep\u00f3sito banc\u00e1rio.[\/vc_column_text][vc_column_text css=&#8221;.vc_custom_1621554968686{padding-top: 30px !important;padding-right: 30px !important;padding-bottom: 30px !important;padding-left: 30px !important;background-color: #eded93 !important;border-radius: 15px !important;}&#8221;]Dados Para Emiss\u00e3o da NOTA DE EMPENHO: Empenho [&hellip;]<\/p>\n","protected":false},"author":1,"featured_media":0,"parent":1100,"menu_order":0,"comment_status":"closed","ping_status":"closed","template":"","meta":[],"_links":{"self":[{"href":"https:\/\/induscon.org\/2021\/wp-json\/wp\/v2\/pages\/1175"}],"collection":[{"href":"https:\/\/induscon.org\/2021\/wp-json\/wp\/v2\/pages"}],"about":[{"href":"https:\/\/induscon.org\/2021\/wp-json\/wp\/v2\/types\/page"}],"author":[{"embeddable":true,"href":"https:\/\/induscon.org\/2021\/wp-json\/wp\/v2\/users\/1"}],"replies":[{"embeddable":true,"href":"https:\/\/induscon.org\/2021\/wp-json\/wp\/v2\/comments?post=1175"}],"version-history":[{"count":9,"href":"https:\/\/induscon.org\/2021\/wp-json\/wp\/v2\/pages\/1175\/revisions"}],"predecessor-version":[{"id":1453,"href":"https:\/\/induscon.org\/2021\/wp-json\/wp\/v2\/pages\/1175\/revisions\/1453"}],"up":[{"embeddable":true,"href":"https:\/\/induscon.org\/2021\/wp-json\/wp\/v2\/pages\/1100"}],"wp:attachment":[{"href":"https:\/\/induscon.org\/2021\/wp-json\/wp\/v2\/media?parent=1175"}],"curies":[{"name":"wp","href":"https:\/\/api.w.org\/{rel}","templated":true}]}}